{"id":523,"date":"2024-04-04T20:44:59","date_gmt":"2024-04-04T18:44:59","guid":{"rendered":"https:\/\/randtuulberg.ee\/about-us\/services\/"},"modified":"2024-04-30T10:11:29","modified_gmt":"2024-04-30T08:11:29","slug":"services","status":"publish","type":"page","link":"https:\/\/randtuulberg.ee\/en\/about-us\/services\/","title":{"rendered":"Services"},"content":{"rendered":"\n<p>Our strengths include experience, size, and flexibility. Our full-service approach ensures a comfortable and worry-free process. We ensure the best quality, through specialised top of the field branches in Estonia.<\/p>\n","protected":false},"excerpt":{"rendered":"Our strengths include experience, size, and flexibility. Our full-service approach ensures a comfortable and worry-free process. We ensure the best quality, through specialised top of the field branches in Estonia.","protected":false},"author":8,"featured_media":235,"parent":504,"menu_order":0,"comment_status":"closed","ping_status":"closed","template":"template-services.php","meta":{"_acf_changed":false,"footnotes":""},"class_list":["post-523","page","type-page","status-publish","has-post-thumbnail","hentry"],"acf":[],"yoast_head":"<!-- This site is optimized with the Yoast SEO plugin v27.3 - https:\/\/yoast.com\/product\/yoast-seo-wordpress\/ -->\n<title>Services | Ehitusfirma Rand ja Tuulberg AS<\/title>\n<meta name=\"robots\" content=\"index, follow, max-snippet:-1, max-image-preview:large, max-video-preview:-1\" \/>\n<link rel=\"canonical\" href=\"https:\/\/randtuulberg.ee\/meist\/teenused\/\" \/>\n<meta property=\"og:locale\" content=\"en_US\" \/>\n<meta property=\"og:type\" content=\"article\" \/>\n<meta property=\"og:title\" content=\"Services | Ehitusfirma Rand ja Tuulberg AS\" \/>\n<meta property=\"og:description\" content=\"Our strengths include experience, size, and flexibility. Our full-service approach ensures a comfortable and worry-free process. We ensure the best quality, through specialised top of the field branches in Estonia.\" \/>\n<meta property=\"og:url\" content=\"https:\/\/randtuulberg.ee\/meist\/teenused\/\" \/>\n<meta property=\"og:site_name\" content=\"Ehitusfirma Rand ja Tuulberg AS\" \/>\n<meta property=\"article:publisher\" content=\"https:\/\/www.facebook.com\/RandTuulberg\/\" \/>\n<meta property=\"article:modified_time\" content=\"2024-04-30T08:11:29+00:00\" \/>\n<meta property=\"og:image\" content=\"https:\/\/randtuulberg.ee\/wp-content\/uploads\/2024\/04\/services.png\" \/>\n\t<meta property=\"og:image:width\" content=\"954\" \/>\n\t<meta property=\"og:image:height\" content=\"644\" \/>\n\t<meta property=\"og:image:type\" content=\"image\/png\" \/>\n<meta name=\"twitter:card\" content=\"summary_large_image\" \/>\n<script type=\"application\/ld+json\" class=\"yoast-schema-graph\">{\"@context\":\"https:\\\/\\\/schema.org\",\"@graph\":[{\"@type\":\"WebPage\",\"@id\":\"https:\\\/\\\/randtuulberg.ee\\\/meist\\\/teenused\\\/\",\"url\":\"https:\\\/\\\/randtuulberg.ee\\\/meist\\\/teenused\\\/\",\"name\":\"Services | Ehitusfirma Rand ja Tuulberg AS\",\"isPartOf\":{\"@id\":\"https:\\\/\\\/randtuulberg.ee\\\/#website\"},\"primaryImageOfPage\":{\"@id\":\"https:\\\/\\\/randtuulberg.ee\\\/meist\\\/teenused\\\/#primaryimage\"},\"image\":{\"@id\":\"https:\\\/\\\/randtuulberg.ee\\\/meist\\\/teenused\\\/#primaryimage\"},\"thumbnailUrl\":\"https:\\\/\\\/randtuulberg.ee\\\/wp-content\\\/uploads\\\/2024\\\/04\\\/services.png\",\"datePublished\":\"2024-04-04T18:44:59+00:00\",\"dateModified\":\"2024-04-30T08:11:29+00:00\",\"breadcrumb\":{\"@id\":\"https:\\\/\\\/randtuulberg.ee\\\/meist\\\/teenused\\\/#breadcrumb\"},\"inLanguage\":\"en-US\",\"potentialAction\":[{\"@type\":\"ReadAction\",\"target\":[\"https:\\\/\\\/randtuulberg.ee\\\/meist\\\/teenused\\\/\"]}]},{\"@type\":\"ImageObject\",\"inLanguage\":\"en-US\",\"@id\":\"https:\\\/\\\/randtuulberg.ee\\\/meist\\\/teenused\\\/#primaryimage\",\"url\":\"https:\\\/\\\/randtuulberg.ee\\\/wp-content\\\/uploads\\\/2024\\\/04\\\/services.png\",\"contentUrl\":\"https:\\\/\\\/randtuulberg.ee\\\/wp-content\\\/uploads\\\/2024\\\/04\\\/services.png\",\"width\":954,\"height\":644},{\"@type\":\"BreadcrumbList\",\"@id\":\"https:\\\/\\\/randtuulberg.ee\\\/meist\\\/teenused\\\/#breadcrumb\",\"itemListElement\":[{\"@type\":\"ListItem\",\"position\":1,\"name\":\"Home\",\"item\":\"https:\\\/\\\/randtuulberg.ee\\\/\"},{\"@type\":\"ListItem\",\"position\":2,\"name\":\"About us\",\"item\":\"https:\\\/\\\/randtuulberg.ee\\\/meist\\\/\"},{\"@type\":\"ListItem\",\"position\":3,\"name\":\"Services\"}]},{\"@type\":\"WebSite\",\"@id\":\"https:\\\/\\\/randtuulberg.ee\\\/#website\",\"url\":\"https:\\\/\\\/randtuulberg.ee\\\/\",\"name\":\"RAND & TUULBERG\",\"description\":\"\u00dcle 35-aastase kogemusega peat\u00f6\u00f6v\u00f5tja t\u00f6\u00f6stus- ja \u00e4rihoonete valdkonnas. Meie loodu on rajatud p\u00fcsima!\",\"publisher\":{\"@id\":\"https:\\\/\\\/randtuulberg.ee\\\/#organization\"},\"alternateName\":\"RAND JA TUULBERG AS\",\"potentialAction\":[{\"@type\":\"SearchAction\",\"target\":{\"@type\":\"EntryPoint\",\"urlTemplate\":\"https:\\\/\\\/randtuulberg.ee\\\/?s={search_term_string}\"},\"query-input\":{\"@type\":\"PropertyValueSpecification\",\"valueRequired\":true,\"valueName\":\"search_term_string\"}}],\"inLanguage\":\"en-US\"},{\"@type\":\"Organization\",\"@id\":\"https:\\\/\\\/randtuulberg.ee\\\/#organization\",\"name\":\"EHITUSFIRMA RAND JA TUULBERG AS\",\"alternateName\":\"RT\",\"url\":\"https:\\\/\\\/randtuulberg.ee\\\/\",\"logo\":{\"@type\":\"ImageObject\",\"inLanguage\":\"en-US\",\"@id\":\"https:\\\/\\\/randtuulberg.ee\\\/#\\\/schema\\\/logo\\\/image\\\/\",\"url\":\"https:\\\/\\\/randtuulberg.ee\\\/wp-content\\\/uploads\\\/2024\\\/03\\\/randjatuulberg-logo1-RT-kiri-logo-korval_logo.svg\",\"contentUrl\":\"https:\\\/\\\/randtuulberg.ee\\\/wp-content\\\/uploads\\\/2024\\\/03\\\/randjatuulberg-logo1-RT-kiri-logo-korval_logo.svg\",\"width\":233,\"height\":50,\"caption\":\"EHITUSFIRMA RAND JA TUULBERG AS\"},\"image\":{\"@id\":\"https:\\\/\\\/randtuulberg.ee\\\/#\\\/schema\\\/logo\\\/image\\\/\"},\"sameAs\":[\"https:\\\/\\\/www.facebook.com\\\/RandTuulberg\\\/\",\"https:\\\/\\\/www.linkedin.com\\\/company\\\/as-ehitusfirma-rand-ja-tuulberg\"]}]}<\/script>\n<!-- \/ Yoast SEO plugin. -->","yoast_head_json":{"title":"Services | Ehitusfirma Rand ja Tuulberg AS","robots":{"index":"index","follow":"follow","max-snippet":"max-snippet:-1","max-image-preview":"max-image-preview:large","max-video-preview":"max-video-preview:-1"},"canonical":"https:\/\/randtuulberg.ee\/meist\/teenused\/","og_locale":"en_US","og_type":"article","og_title":"Services | Ehitusfirma Rand ja Tuulberg AS","og_description":"Our strengths include experience, size, and flexibility. Our full-service approach ensures a comfortable and worry-free process. We ensure the best quality, through specialised top of the field branches in Estonia.","og_url":"https:\/\/randtuulberg.ee\/meist\/teenused\/","og_site_name":"Ehitusfirma Rand ja Tuulberg AS","article_publisher":"https:\/\/www.facebook.com\/RandTuulberg\/","article_modified_time":"2024-04-30T08:11:29+00:00","og_image":[{"width":954,"height":644,"url":"https:\/\/randtuulberg.ee\/wp-content\/uploads\/2024\/04\/services.png","type":"image\/png"}],"twitter_card":"summary_large_image","schema":{"@context":"https:\/\/schema.org","@graph":[{"@type":"WebPage","@id":"https:\/\/randtuulberg.ee\/meist\/teenused\/","url":"https:\/\/randtuulberg.ee\/meist\/teenused\/","name":"Services | Ehitusfirma Rand ja Tuulberg AS","isPartOf":{"@id":"https:\/\/randtuulberg.ee\/#website"},"primaryImageOfPage":{"@id":"https:\/\/randtuulberg.ee\/meist\/teenused\/#primaryimage"},"image":{"@id":"https:\/\/randtuulberg.ee\/meist\/teenused\/#primaryimage"},"thumbnailUrl":"https:\/\/randtuulberg.ee\/wp-content\/uploads\/2024\/04\/services.png","datePublished":"2024-04-04T18:44:59+00:00","dateModified":"2024-04-30T08:11:29+00:00","breadcrumb":{"@id":"https:\/\/randtuulberg.ee\/meist\/teenused\/#breadcrumb"},"inLanguage":"en-US","potentialAction":[{"@type":"ReadAction","target":["https:\/\/randtuulberg.ee\/meist\/teenused\/"]}]},{"@type":"ImageObject","inLanguage":"en-US","@id":"https:\/\/randtuulberg.ee\/meist\/teenused\/#primaryimage","url":"https:\/\/randtuulberg.ee\/wp-content\/uploads\/2024\/04\/services.png","contentUrl":"https:\/\/randtuulberg.ee\/wp-content\/uploads\/2024\/04\/services.png","width":954,"height":644},{"@type":"BreadcrumbList","@id":"https:\/\/randtuulberg.ee\/meist\/teenused\/#breadcrumb","itemListElement":[{"@type":"ListItem","position":1,"name":"Home","item":"https:\/\/randtuulberg.ee\/"},{"@type":"ListItem","position":2,"name":"About us","item":"https:\/\/randtuulberg.ee\/meist\/"},{"@type":"ListItem","position":3,"name":"Services"}]},{"@type":"WebSite","@id":"https:\/\/randtuulberg.ee\/#website","url":"https:\/\/randtuulberg.ee\/","name":"RAND & TUULBERG","description":"\u00dcle 35-aastase kogemusega peat\u00f6\u00f6v\u00f5tja t\u00f6\u00f6stus- ja \u00e4rihoonete valdkonnas. Meie loodu on rajatud p\u00fcsima!","publisher":{"@id":"https:\/\/randtuulberg.ee\/#organization"},"alternateName":"RAND JA TUULBERG AS","potentialAction":[{"@type":"SearchAction","target":{"@type":"EntryPoint","urlTemplate":"https:\/\/randtuulberg.ee\/?s={search_term_string}"},"query-input":{"@type":"PropertyValueSpecification","valueRequired":true,"valueName":"search_term_string"}}],"inLanguage":"en-US"},{"@type":"Organization","@id":"https:\/\/randtuulberg.ee\/#organization","name":"EHITUSFIRMA RAND JA TUULBERG AS","alternateName":"RT","url":"https:\/\/randtuulberg.ee\/","logo":{"@type":"ImageObject","inLanguage":"en-US","@id":"https:\/\/randtuulberg.ee\/#\/schema\/logo\/image\/","url":"https:\/\/randtuulberg.ee\/wp-content\/uploads\/2024\/03\/randjatuulberg-logo1-RT-kiri-logo-korval_logo.svg","contentUrl":"https:\/\/randtuulberg.ee\/wp-content\/uploads\/2024\/03\/randjatuulberg-logo1-RT-kiri-logo-korval_logo.svg","width":233,"height":50,"caption":"EHITUSFIRMA RAND JA TUULBERG AS"},"image":{"@id":"https:\/\/randtuulberg.ee\/#\/schema\/logo\/image\/"},"sameAs":["https:\/\/www.facebook.com\/RandTuulberg\/","https:\/\/www.linkedin.com\/company\/as-ehitusfirma-rand-ja-tuulberg"]}]}},"_links":{"self":[{"href":"https:\/\/randtuulberg.ee\/en\/wp-json\/wp\/v2\/pages\/523","targetHints":{"allow":["GET"]}}],"collection":[{"href":"https:\/\/randtuulberg.ee\/en\/wp-json\/wp\/v2\/pages"}],"about":[{"href":"https:\/\/randtuulberg.ee\/en\/wp-json\/wp\/v2\/types\/page"}],"author":[{"embeddable":true,"href":"https:\/\/randtuulberg.ee\/en\/wp-json\/wp\/v2\/users\/8"}],"replies":[{"embeddable":true,"href":"https:\/\/randtuulberg.ee\/en\/wp-json\/wp\/v2\/comments?post=523"}],"version-history":[{"count":5,"href":"https:\/\/randtuulberg.ee\/en\/wp-json\/wp\/v2\/pages\/523\/revisions"}],"predecessor-version":[{"id":909,"href":"https:\/\/randtuulberg.ee\/en\/wp-json\/wp\/v2\/pages\/523\/revisions\/909"}],"up":[{"embeddable":true,"href":"https:\/\/randtuulberg.ee\/en\/wp-json\/wp\/v2\/pages\/504"}],"wp:featuredmedia":[{"embeddable":true,"href":"https:\/\/randtuulberg.ee\/en\/wp-json\/wp\/v2\/media\/235"}],"wp:attachment":[{"href":"https:\/\/randtuulberg.ee\/en\/wp-json\/wp\/v2\/media?parent=523"}],"curies":[{"name":"wp","href":"https:\/\/api.w.org\/{rel}","templated":true}]}}