{"id":502,"date":"2024-03-05T08:21:56","date_gmt":"2024-03-05T06:21:56","guid":{"rendered":"https:\/\/randtuulberg.ee\/%d0%ba%d0%be%d0%bd%d1%82%d0%b0%d0%ba\/"},"modified":"2026-04-02T12:15:18","modified_gmt":"2026-04-02T10:15:18","slug":"%d0%ba%d0%be%d0%bd%d1%82%d0%b0%d0%ba%d1%82","status":"publish","type":"page","link":"https:\/\/randtuulberg.ee\/ru\/%d0%ba%d0%be%d0%bd%d1%82%d0%b0%d0%ba%d1%82\/","title":{"rendered":"\u041a\u041e\u041d\u0422\u0410\u041a\u0422"},"content":{"rendered":"","protected":false},"excerpt":{"rendered":"","protected":false},"author":8,"featured_media":0,"parent":0,"menu_order":0,"comment_status":"closed","ping_status":"closed","template":"template-contact.php","meta":{"_acf_changed":false,"footnotes":""},"class_list":["post-502","page","type-page","status-publish","hentry"],"acf":[],"yoast_head":"<!-- This site is optimized with the Yoast SEO plugin v27.3 - https:\/\/yoast.com\/product\/yoast-seo-wordpress\/ -->\n<title>\u041a\u041e\u041d\u0422\u0410\u041a\u0422 | Ehitusfirma Rand ja Tuulberg AS<\/title>\n<meta name=\"robots\" content=\"index, follow, max-snippet:-1, max-image-preview:large, max-video-preview:-1\" \/>\n<link rel=\"canonical\" href=\"https:\/\/randtuulberg.ee\/ru\/\u043a\u043e\u043d\u0442\u0430\u043a\u0442\/\" \/>\n<meta property=\"og:locale\" content=\"ru_RU\" \/>\n<meta property=\"og:type\" content=\"article\" \/>\n<meta property=\"og:title\" content=\"\u041a\u041e\u041d\u0422\u0410\u041a\u0422 | Ehitusfirma Rand ja Tuulberg AS\" \/>\n<meta property=\"og:url\" content=\"https:\/\/randtuulberg.ee\/ru\/\u043a\u043e\u043d\u0442\u0430\u043a\u0442\/\" \/>\n<meta property=\"og:site_name\" content=\"Ehitusfirma Rand ja Tuulberg AS\" \/>\n<meta property=\"article:publisher\" content=\"https:\/\/www.facebook.com\/RandTuulberg\/\" \/>\n<meta property=\"article:modified_time\" content=\"2026-04-02T10:15:18+00:00\" \/>\n<meta name=\"twitter:card\" content=\"summary_large_image\" \/>\n<script type=\"application\/ld+json\" class=\"yoast-schema-graph\">{\"@context\":\"https:\\\/\\\/schema.org\",\"@graph\":[{\"@type\":\"WebPage\",\"@id\":\"https:\\\/\\\/randtuulberg.ee\\\/ru\\\/%d0%ba%d0%be%d0%bd%d1%82%d0%b0%d0%ba%d1%82\\\/\",\"url\":\"https:\\\/\\\/randtuulberg.ee\\\/ru\\\/%d0%ba%d0%be%d0%bd%d1%82%d0%b0%d0%ba%d1%82\\\/\",\"name\":\"\u041a\u041e\u041d\u0422\u0410\u041a\u0422 | Ehitusfirma Rand ja Tuulberg AS\",\"isPartOf\":{\"@id\":\"https:\\\/\\\/randtuulberg.ee\\\/#website\"},\"datePublished\":\"2024-03-05T06:21:56+00:00\",\"dateModified\":\"2026-04-02T10:15:18+00:00\",\"breadcrumb\":{\"@id\":\"https:\\\/\\\/randtuulberg.ee\\\/ru\\\/%d0%ba%d0%be%d0%bd%d1%82%d0%b0%d0%ba%d1%82\\\/#breadcrumb\"},\"inLanguage\":\"ru-RU\",\"potentialAction\":[{\"@type\":\"ReadAction\",\"target\":[\"https:\\\/\\\/randtuulberg.ee\\\/ru\\\/%d0%ba%d0%be%d0%bd%d1%82%d0%b0%d0%ba%d1%82\\\/\"]}]},{\"@type\":\"BreadcrumbList\",\"@id\":\"https:\\\/\\\/randtuulberg.ee\\\/ru\\\/%d0%ba%d0%be%d0%bd%d1%82%d0%b0%d0%ba%d1%82\\\/#breadcrumb\",\"itemListElement\":[{\"@type\":\"ListItem\",\"position\":1,\"name\":\"Home\",\"item\":\"https:\\\/\\\/randtuulberg.ee\\\/\"},{\"@type\":\"ListItem\",\"position\":2,\"name\":\"\u041a\u041e\u041d\u0422\u0410\u041a\u0422\"}]},{\"@type\":\"WebSite\",\"@id\":\"https:\\\/\\\/randtuulberg.ee\\\/#website\",\"url\":\"https:\\\/\\\/randtuulberg.ee\\\/\",\"name\":\"RAND & TUULBERG\",\"description\":\"\u00dcle 35-aastase kogemusega peat\u00f6\u00f6v\u00f5tja t\u00f6\u00f6stus- ja \u00e4rihoonete valdkonnas. Meie loodu on rajatud p\u00fcsima!\",\"publisher\":{\"@id\":\"https:\\\/\\\/randtuulberg.ee\\\/#organization\"},\"alternateName\":\"RAND JA TUULBERG AS\",\"potentialAction\":[{\"@type\":\"SearchAction\",\"target\":{\"@type\":\"EntryPoint\",\"urlTemplate\":\"https:\\\/\\\/randtuulberg.ee\\\/?s={search_term_string}\"},\"query-input\":{\"@type\":\"PropertyValueSpecification\",\"valueRequired\":true,\"valueName\":\"search_term_string\"}}],\"inLanguage\":\"ru-RU\"},{\"@type\":\"Organization\",\"@id\":\"https:\\\/\\\/randtuulberg.ee\\\/#organization\",\"name\":\"EHITUSFIRMA RAND JA TUULBERG AS\",\"alternateName\":\"RT\",\"url\":\"https:\\\/\\\/randtuulberg.ee\\\/\",\"logo\":{\"@type\":\"ImageObject\",\"inLanguage\":\"ru-RU\",\"@id\":\"https:\\\/\\\/randtuulberg.ee\\\/#\\\/schema\\\/logo\\\/image\\\/\",\"url\":\"https:\\\/\\\/randtuulberg.ee\\\/wp-content\\\/uploads\\\/2024\\\/03\\\/randjatuulberg-logo1-RT-kiri-logo-korval_logo.svg\",\"contentUrl\":\"https:\\\/\\\/randtuulberg.ee\\\/wp-content\\\/uploads\\\/2024\\\/03\\\/randjatuulberg-logo1-RT-kiri-logo-korval_logo.svg\",\"width\":233,\"height\":50,\"caption\":\"EHITUSFIRMA RAND JA TUULBERG AS\"},\"image\":{\"@id\":\"https:\\\/\\\/randtuulberg.ee\\\/#\\\/schema\\\/logo\\\/image\\\/\"},\"sameAs\":[\"https:\\\/\\\/www.facebook.com\\\/RandTuulberg\\\/\",\"https:\\\/\\\/www.linkedin.com\\\/company\\\/as-ehitusfirma-rand-ja-tuulberg\"]}]}<\/script>\n<!-- \/ Yoast SEO plugin. -->","yoast_head_json":{"title":"\u041a\u041e\u041d\u0422\u0410\u041a\u0422 | Ehitusfirma Rand ja Tuulberg AS","robots":{"index":"index","follow":"follow","max-snippet":"max-snippet:-1","max-image-preview":"max-image-preview:large","max-video-preview":"max-video-preview:-1"},"canonical":"https:\/\/randtuulberg.ee\/ru\/\u043a\u043e\u043d\u0442\u0430\u043a\u0442\/","og_locale":"ru_RU","og_type":"article","og_title":"\u041a\u041e\u041d\u0422\u0410\u041a\u0422 | Ehitusfirma Rand ja Tuulberg AS","og_url":"https:\/\/randtuulberg.ee\/ru\/\u043a\u043e\u043d\u0442\u0430\u043a\u0442\/","og_site_name":"Ehitusfirma Rand ja Tuulberg AS","article_publisher":"https:\/\/www.facebook.com\/RandTuulberg\/","article_modified_time":"2026-04-02T10:15:18+00:00","twitter_card":"summary_large_image","schema":{"@context":"https:\/\/schema.org","@graph":[{"@type":"WebPage","@id":"https:\/\/randtuulberg.ee\/ru\/%d0%ba%d0%be%d0%bd%d1%82%d0%b0%d0%ba%d1%82\/","url":"https:\/\/randtuulberg.ee\/ru\/%d0%ba%d0%be%d0%bd%d1%82%d0%b0%d0%ba%d1%82\/","name":"\u041a\u041e\u041d\u0422\u0410\u041a\u0422 | Ehitusfirma Rand ja Tuulberg AS","isPartOf":{"@id":"https:\/\/randtuulberg.ee\/#website"},"datePublished":"2024-03-05T06:21:56+00:00","dateModified":"2026-04-02T10:15:18+00:00","breadcrumb":{"@id":"https:\/\/randtuulberg.ee\/ru\/%d0%ba%d0%be%d0%bd%d1%82%d0%b0%d0%ba%d1%82\/#breadcrumb"},"inLanguage":"ru-RU","potentialAction":[{"@type":"ReadAction","target":["https:\/\/randtuulberg.ee\/ru\/%d0%ba%d0%be%d0%bd%d1%82%d0%b0%d0%ba%d1%82\/"]}]},{"@type":"BreadcrumbList","@id":"https:\/\/randtuulberg.ee\/ru\/%d0%ba%d0%be%d0%bd%d1%82%d0%b0%d0%ba%d1%82\/#breadcrumb","itemListElement":[{"@type":"ListItem","position":1,"name":"Home","item":"https:\/\/randtuulberg.ee\/"},{"@type":"ListItem","position":2,"name":"\u041a\u041e\u041d\u0422\u0410\u041a\u0422"}]},{"@type":"WebSite","@id":"https:\/\/randtuulberg.ee\/#website","url":"https:\/\/randtuulberg.ee\/","name":"RAND & TUULBERG","description":"\u00dcle 35-aastase kogemusega peat\u00f6\u00f6v\u00f5tja t\u00f6\u00f6stus- ja \u00e4rihoonete valdkonnas. Meie loodu on rajatud p\u00fcsima!","publisher":{"@id":"https:\/\/randtuulberg.ee\/#organization"},"alternateName":"RAND JA TUULBERG AS","potentialAction":[{"@type":"SearchAction","target":{"@type":"EntryPoint","urlTemplate":"https:\/\/randtuulberg.ee\/?s={search_term_string}"},"query-input":{"@type":"PropertyValueSpecification","valueRequired":true,"valueName":"search_term_string"}}],"inLanguage":"ru-RU"},{"@type":"Organization","@id":"https:\/\/randtuulberg.ee\/#organization","name":"EHITUSFIRMA RAND JA TUULBERG AS","alternateName":"RT","url":"https:\/\/randtuulberg.ee\/","logo":{"@type":"ImageObject","inLanguage":"ru-RU","@id":"https:\/\/randtuulberg.ee\/#\/schema\/logo\/image\/","url":"https:\/\/randtuulberg.ee\/wp-content\/uploads\/2024\/03\/randjatuulberg-logo1-RT-kiri-logo-korval_logo.svg","contentUrl":"https:\/\/randtuulberg.ee\/wp-content\/uploads\/2024\/03\/randjatuulberg-logo1-RT-kiri-logo-korval_logo.svg","width":233,"height":50,"caption":"EHITUSFIRMA RAND JA TUULBERG AS"},"image":{"@id":"https:\/\/randtuulberg.ee\/#\/schema\/logo\/image\/"},"sameAs":["https:\/\/www.facebook.com\/RandTuulberg\/","https:\/\/www.linkedin.com\/company\/as-ehitusfirma-rand-ja-tuulberg"]}]}},"_links":{"self":[{"href":"https:\/\/randtuulberg.ee\/ru\/wp-json\/wp\/v2\/pages\/502","targetHints":{"allow":["GET"]}}],"collection":[{"href":"https:\/\/randtuulberg.ee\/ru\/wp-json\/wp\/v2\/pages"}],"about":[{"href":"https:\/\/randtuulberg.ee\/ru\/wp-json\/wp\/v2\/types\/page"}],"author":[{"embeddable":true,"href":"https:\/\/randtuulberg.ee\/ru\/wp-json\/wp\/v2\/users\/8"}],"replies":[{"embeddable":true,"href":"https:\/\/randtuulberg.ee\/ru\/wp-json\/wp\/v2\/comments?post=502"}],"version-history":[{"count":5,"href":"https:\/\/randtuulberg.ee\/ru\/wp-json\/wp\/v2\/pages\/502\/revisions"}],"predecessor-version":[{"id":2481,"href":"https:\/\/randtuulberg.ee\/ru\/wp-json\/wp\/v2\/pages\/502\/revisions\/2481"}],"wp:attachment":[{"href":"https:\/\/randtuulberg.ee\/ru\/wp-json\/wp\/v2\/media?parent=502"}],"curies":[{"name":"wp","href":"https:\/\/api.w.org\/{rel}","templated":true}]}}