{"id":521,"date":"2024-04-04T20:45:23","date_gmt":"2024-04-04T18:45:23","guid":{"rendered":"https:\/\/randtuulberg.ee\/o-hac\/%d1%83%d1%81%d1%82%d0%be%d0%b9%d1%87%d0%b8%d0%b2%d0%be%d1%81%d1%82%d1%8c\/"},"modified":"2024-04-25T11:07:38","modified_gmt":"2024-04-25T09:07:38","slug":"%d1%83%d1%81%d1%82%d0%be%d0%b9%d1%87%d0%b8%d0%b2%d0%be%d1%81%d1%82%d1%8c","status":"publish","type":"page","link":"https:\/\/randtuulberg.ee\/ru\/o-hac\/%d1%83%d1%81%d1%82%d0%be%d0%b9%d1%87%d0%b8%d0%b2%d0%be%d1%81%d1%82%d1%8c\/","title":{"rendered":"\u0423\u0421\u0422\u041e\u0419\u0427\u0418\u0412\u041e\u0421\u0422\u042c"},"content":{"rendered":"","protected":false},"excerpt":{"rendered":"","protected":false},"author":8,"featured_media":0,"parent":506,"menu_order":0,"comment_status":"closed","ping_status":"closed","template":"","meta":{"_acf_changed":false,"footnotes":""},"class_list":["post-521","page","type-page","status-publish","hentry"],"acf":[],"yoast_head":"<!-- This site is optimized with the Yoast SEO plugin v27.3 - https:\/\/yoast.com\/product\/yoast-seo-wordpress\/ -->\n<title>\u0423\u0421\u0422\u041e\u0419\u0427\u0418\u0412\u041e\u0421\u0422\u042c | Ehitusfirma Rand ja Tuulberg AS<\/title>\n<meta name=\"robots\" content=\"noindex, follow\" \/>\n<meta property=\"og:locale\" content=\"ru_RU\" \/>\n<meta property=\"og:type\" content=\"article\" \/>\n<meta property=\"og:title\" content=\"\u0423\u0421\u0422\u041e\u0419\u0427\u0418\u0412\u041e\u0421\u0422\u042c | Ehitusfirma Rand ja Tuulberg AS\" \/>\n<meta property=\"og:url\" content=\"https:\/\/randtuulberg.ee\/ru\/o-hac\/\u0443\u0441\u0442\u043e\u0439\u0447\u0438\u0432\u043e\u0441\u0442\u044c\/\" \/>\n<meta property=\"og:site_name\" content=\"Ehitusfirma Rand ja Tuulberg AS\" \/>\n<meta property=\"article:publisher\" content=\"https:\/\/www.facebook.com\/RandTuulberg\/\" \/>\n<meta property=\"article:modified_time\" content=\"2024-04-25T09:07:38+00:00\" \/>\n<meta name=\"twitter:card\" content=\"summary_large_image\" \/>\n<script type=\"application\/ld+json\" class=\"yoast-schema-graph\">{\"@context\":\"https:\\\/\\\/schema.org\",\"@graph\":[{\"@type\":\"WebPage\",\"@id\":\"https:\\\/\\\/randtuulberg.ee\\\/ru\\\/o-hac\\\/%d1%83%d1%81%d1%82%d0%be%d0%b9%d1%87%d0%b8%d0%b2%d0%be%d1%81%d1%82%d1%8c\\\/\",\"url\":\"https:\\\/\\\/randtuulberg.ee\\\/ru\\\/o-hac\\\/%d1%83%d1%81%d1%82%d0%be%d0%b9%d1%87%d0%b8%d0%b2%d0%be%d1%81%d1%82%d1%8c\\\/\",\"name\":\"\u0423\u0421\u0422\u041e\u0419\u0427\u0418\u0412\u041e\u0421\u0422\u042c | Ehitusfirma Rand ja Tuulberg AS\",\"isPartOf\":{\"@id\":\"https:\\\/\\\/randtuulberg.ee\\\/#website\"},\"datePublished\":\"2024-04-04T18:45:23+00:00\",\"dateModified\":\"2024-04-25T09:07:38+00:00\",\"breadcrumb\":{\"@id\":\"https:\\\/\\\/randtuulberg.ee\\\/ru\\\/o-hac\\\/%d1%83%d1%81%d1%82%d0%be%d0%b9%d1%87%d0%b8%d0%b2%d0%be%d1%81%d1%82%d1%8c\\\/#breadcrumb\"},\"inLanguage\":\"ru-RU\",\"potentialAction\":[{\"@type\":\"ReadAction\",\"target\":[\"https:\\\/\\\/randtuulberg.ee\\\/ru\\\/o-hac\\\/%d1%83%d1%81%d1%82%d0%be%d0%b9%d1%87%d0%b8%d0%b2%d0%be%d1%81%d1%82%d1%8c\\\/\"]}]},{\"@type\":\"BreadcrumbList\",\"@id\":\"https:\\\/\\\/randtuulberg.ee\\\/ru\\\/o-hac\\\/%d1%83%d1%81%d1%82%d0%be%d0%b9%d1%87%d0%b8%d0%b2%d0%be%d1%81%d1%82%d1%8c\\\/#breadcrumb\",\"itemListElement\":[{\"@type\":\"ListItem\",\"position\":1,\"name\":\"Home\",\"item\":\"https:\\\/\\\/randtuulberg.ee\\\/\"},{\"@type\":\"ListItem\",\"position\":2,\"name\":\"\u041e HAC\",\"item\":\"https:\\\/\\\/randtuulberg.ee\\\/meist\\\/\"},{\"@type\":\"ListItem\",\"position\":3,\"name\":\"\u0423\u0421\u0422\u041e\u0419\u0427\u0418\u0412\u041e\u0421\u0422\u042c\"}]},{\"@type\":\"WebSite\",\"@id\":\"https:\\\/\\\/randtuulberg.ee\\\/#website\",\"url\":\"https:\\\/\\\/randtuulberg.ee\\\/\",\"name\":\"RAND & TUULBERG\",\"description\":\"\u00dcle 35-aastase kogemusega peat\u00f6\u00f6v\u00f5tja t\u00f6\u00f6stus- ja \u00e4rihoonete valdkonnas. Meie loodu on rajatud p\u00fcsima!\",\"publisher\":{\"@id\":\"https:\\\/\\\/randtuulberg.ee\\\/#organization\"},\"alternateName\":\"RAND JA TUULBERG AS\",\"potentialAction\":[{\"@type\":\"SearchAction\",\"target\":{\"@type\":\"EntryPoint\",\"urlTemplate\":\"https:\\\/\\\/randtuulberg.ee\\\/?s={search_term_string}\"},\"query-input\":{\"@type\":\"PropertyValueSpecification\",\"valueRequired\":true,\"valueName\":\"search_term_string\"}}],\"inLanguage\":\"ru-RU\"},{\"@type\":\"Organization\",\"@id\":\"https:\\\/\\\/randtuulberg.ee\\\/#organization\",\"name\":\"EHITUSFIRMA RAND JA TUULBERG AS\",\"alternateName\":\"RT\",\"url\":\"https:\\\/\\\/randtuulberg.ee\\\/\",\"logo\":{\"@type\":\"ImageObject\",\"inLanguage\":\"ru-RU\",\"@id\":\"https:\\\/\\\/randtuulberg.ee\\\/#\\\/schema\\\/logo\\\/image\\\/\",\"url\":\"https:\\\/\\\/randtuulberg.ee\\\/wp-content\\\/uploads\\\/2024\\\/03\\\/randjatuulberg-logo1-RT-kiri-logo-korval_logo.svg\",\"contentUrl\":\"https:\\\/\\\/randtuulberg.ee\\\/wp-content\\\/uploads\\\/2024\\\/03\\\/randjatuulberg-logo1-RT-kiri-logo-korval_logo.svg\",\"width\":233,\"height\":50,\"caption\":\"EHITUSFIRMA RAND JA TUULBERG AS\"},\"image\":{\"@id\":\"https:\\\/\\\/randtuulberg.ee\\\/#\\\/schema\\\/logo\\\/image\\\/\"},\"sameAs\":[\"https:\\\/\\\/www.facebook.com\\\/RandTuulberg\\\/\",\"https:\\\/\\\/www.linkedin.com\\\/company\\\/as-ehitusfirma-rand-ja-tuulberg\"]}]}<\/script>\n<!-- \/ Yoast SEO plugin. -->","yoast_head_json":{"title":"\u0423\u0421\u0422\u041e\u0419\u0427\u0418\u0412\u041e\u0421\u0422\u042c | Ehitusfirma Rand ja Tuulberg AS","robots":{"index":"noindex","follow":"follow"},"og_locale":"ru_RU","og_type":"article","og_title":"\u0423\u0421\u0422\u041e\u0419\u0427\u0418\u0412\u041e\u0421\u0422\u042c | Ehitusfirma Rand ja Tuulberg AS","og_url":"https:\/\/randtuulberg.ee\/ru\/o-hac\/\u0443\u0441\u0442\u043e\u0439\u0447\u0438\u0432\u043e\u0441\u0442\u044c\/","og_site_name":"Ehitusfirma Rand ja Tuulberg AS","article_publisher":"https:\/\/www.facebook.com\/RandTuulberg\/","article_modified_time":"2024-04-25T09:07:38+00:00","twitter_card":"summary_large_image","schema":{"@context":"https:\/\/schema.org","@graph":[{"@type":"WebPage","@id":"https:\/\/randtuulberg.ee\/ru\/o-hac\/%d1%83%d1%81%d1%82%d0%be%d0%b9%d1%87%d0%b8%d0%b2%d0%be%d1%81%d1%82%d1%8c\/","url":"https:\/\/randtuulberg.ee\/ru\/o-hac\/%d1%83%d1%81%d1%82%d0%be%d0%b9%d1%87%d0%b8%d0%b2%d0%be%d1%81%d1%82%d1%8c\/","name":"\u0423\u0421\u0422\u041e\u0419\u0427\u0418\u0412\u041e\u0421\u0422\u042c | Ehitusfirma Rand ja Tuulberg AS","isPartOf":{"@id":"https:\/\/randtuulberg.ee\/#website"},"datePublished":"2024-04-04T18:45:23+00:00","dateModified":"2024-04-25T09:07:38+00:00","breadcrumb":{"@id":"https:\/\/randtuulberg.ee\/ru\/o-hac\/%d1%83%d1%81%d1%82%d0%be%d0%b9%d1%87%d0%b8%d0%b2%d0%be%d1%81%d1%82%d1%8c\/#breadcrumb"},"inLanguage":"ru-RU","potentialAction":[{"@type":"ReadAction","target":["https:\/\/randtuulberg.ee\/ru\/o-hac\/%d1%83%d1%81%d1%82%d0%be%d0%b9%d1%87%d0%b8%d0%b2%d0%be%d1%81%d1%82%d1%8c\/"]}]},{"@type":"BreadcrumbList","@id":"https:\/\/randtuulberg.ee\/ru\/o-hac\/%d1%83%d1%81%d1%82%d0%be%d0%b9%d1%87%d0%b8%d0%b2%d0%be%d1%81%d1%82%d1%8c\/#breadcrumb","itemListElement":[{"@type":"ListItem","position":1,"name":"Home","item":"https:\/\/randtuulberg.ee\/"},{"@type":"ListItem","position":2,"name":"\u041e HAC","item":"https:\/\/randtuulberg.ee\/meist\/"},{"@type":"ListItem","position":3,"name":"\u0423\u0421\u0422\u041e\u0419\u0427\u0418\u0412\u041e\u0421\u0422\u042c"}]},{"@type":"WebSite","@id":"https:\/\/randtuulberg.ee\/#website","url":"https:\/\/randtuulberg.ee\/","name":"RAND & TUULBERG","description":"\u00dcle 35-aastase kogemusega peat\u00f6\u00f6v\u00f5tja t\u00f6\u00f6stus- ja \u00e4rihoonete valdkonnas. Meie loodu on rajatud p\u00fcsima!","publisher":{"@id":"https:\/\/randtuulberg.ee\/#organization"},"alternateName":"RAND JA TUULBERG AS","potentialAction":[{"@type":"SearchAction","target":{"@type":"EntryPoint","urlTemplate":"https:\/\/randtuulberg.ee\/?s={search_term_string}"},"query-input":{"@type":"PropertyValueSpecification","valueRequired":true,"valueName":"search_term_string"}}],"inLanguage":"ru-RU"},{"@type":"Organization","@id":"https:\/\/randtuulberg.ee\/#organization","name":"EHITUSFIRMA RAND JA TUULBERG AS","alternateName":"RT","url":"https:\/\/randtuulberg.ee\/","logo":{"@type":"ImageObject","inLanguage":"ru-RU","@id":"https:\/\/randtuulberg.ee\/#\/schema\/logo\/image\/","url":"https:\/\/randtuulberg.ee\/wp-content\/uploads\/2024\/03\/randjatuulberg-logo1-RT-kiri-logo-korval_logo.svg","contentUrl":"https:\/\/randtuulberg.ee\/wp-content\/uploads\/2024\/03\/randjatuulberg-logo1-RT-kiri-logo-korval_logo.svg","width":233,"height":50,"caption":"EHITUSFIRMA RAND JA TUULBERG AS"},"image":{"@id":"https:\/\/randtuulberg.ee\/#\/schema\/logo\/image\/"},"sameAs":["https:\/\/www.facebook.com\/RandTuulberg\/","https:\/\/www.linkedin.com\/company\/as-ehitusfirma-rand-ja-tuulberg"]}]}},"_links":{"self":[{"href":"https:\/\/randtuulberg.ee\/ru\/wp-json\/wp\/v2\/pages\/521","targetHints":{"allow":["GET"]}}],"collection":[{"href":"https:\/\/randtuulberg.ee\/ru\/wp-json\/wp\/v2\/pages"}],"about":[{"href":"https:\/\/randtuulberg.ee\/ru\/wp-json\/wp\/v2\/types\/page"}],"author":[{"embeddable":true,"href":"https:\/\/randtuulberg.ee\/ru\/wp-json\/wp\/v2\/users\/8"}],"replies":[{"embeddable":true,"href":"https:\/\/randtuulberg.ee\/ru\/wp-json\/wp\/v2\/comments?post=521"}],"version-history":[{"count":3,"href":"https:\/\/randtuulberg.ee\/ru\/wp-json\/wp\/v2\/pages\/521\/revisions"}],"predecessor-version":[{"id":641,"href":"https:\/\/randtuulberg.ee\/ru\/wp-json\/wp\/v2\/pages\/521\/revisions\/641"}],"up":[{"embeddable":true,"href":"https:\/\/randtuulberg.ee\/ru\/wp-json\/wp\/v2\/pages\/506"}],"wp:attachment":[{"href":"https:\/\/randtuulberg.ee\/ru\/wp-json\/wp\/v2\/media?parent=521"}],"curies":[{"name":"wp","href":"https:\/\/api.w.org\/{rel}","templated":true}]}}