{"id":527,"date":"2024-04-04T20:44:59","date_gmt":"2024-04-04T18:44:59","guid":{"rendered":"https:\/\/randtuulberg.ee\/o-hac\/%d1%83%d1%81%d0%bb%d1%83%d0%b3%d0%b8\/"},"modified":"2024-04-30T10:11:08","modified_gmt":"2024-04-30T08:11:08","slug":"%d1%83%d1%81%d0%bb%d1%83%d0%b3%d0%b8","status":"publish","type":"page","link":"https:\/\/randtuulberg.ee\/ru\/o-hac\/%d1%83%d1%81%d0%bb%d1%83%d0%b3%d0%b8\/","title":{"rendered":"\u0423\u0421\u041b\u0423\u0413\u0418"},"content":{"rendered":"\n<p>\u041d\u0430\u0448\u0438 \u0441\u0438\u043b\u044c\u043d\u044b\u0435 \u0441\u0442\u043e\u0440\u043e\u043d\u044b \u2013 \u044d\u0442\u043e \u043e\u043f\u044b\u0442, \u043c\u0430\u0441\u0448\u0442\u0430\u0431 \u0438 \u0433\u0438\u0431\u043a\u043e\u0441\u0442\u044c. \u041c\u044b \u043f\u0440\u0435\u0434\u043b\u0430\u0433\u0430\u0435\u043c \u043f\u043e\u043b\u043d\u044b\u0439 \u0441\u043f\u0435\u043a\u0442\u0440 \u0443\u0441\u043b\u0443\u0433, \u043e\u0431\u0435\u0441\u043f\u0435\u0447\u0438\u0432\u0430\u044f \u043f\u0440\u0438 \u044d\u0442\u043e\u043c \u0443\u0434\u043e\u0431\u0441\u0442\u0432\u043e \u0438 \u0443\u0432\u0435\u0440\u0435\u043d\u043d\u043e\u0435 \u0441\u043f\u043e\u043a\u043e\u0439\u0441\u0442\u0432\u0438\u0435. \u041c\u044b \u0433\u0430\u0440\u0430\u043d\u0442\u0438\u0440\u0443\u0435\u043c \u043a\u0430\u0447\u0435\u0441\u0442\u0432\u043e \u0441\u0442\u0440\u043e\u0438\u0442\u0435\u043b\u044c\u043d\u044b\u0445 \u0443\u0441\u043b\u0443\u0433 \u0431\u043b\u0430\u0433\u043e\u0434\u0430\u0440\u044f \u043d\u0430\u0448\u0438\u043c \u043f\u0440\u043e\u0444\u0435\u0441\u0441\u0438\u043e\u043d\u0430\u043b\u0430\u043c, \u043a\u043e\u0442\u043e\u0440\u044b\u0435 \u044f\u0432\u043b\u044f\u044e\u0442\u0441\u044f \u0432 \u042d\u0441\u0442\u043e\u043d\u0438\u0438 \u043e\u0434\u043d\u0438\u043c\u0438 \u0438\u0437 \u043b\u0443\u0447\u0448\u0438\u0445 \u0432 \u0441\u0432\u043e\u0435\u0439 \u043e\u0431\u043b\u0430\u0441\u0442\u0438.<\/p>\n","protected":false},"excerpt":{"rendered":"\u041d\u0430\u0448\u0438 \u0441\u0438\u043b\u044c\u043d\u044b\u0435 \u0441\u0442\u043e\u0440\u043e\u043d\u044b \u2013 \u044d\u0442\u043e \u043e\u043f\u044b\u0442, \u043c\u0430\u0441\u0448\u0442\u0430\u0431 \u0438 \u0433\u0438\u0431\u043a\u043e\u0441\u0442\u044c. \u041c\u044b \u043f\u0440\u0435\u0434\u043b\u0430\u0433\u0430\u0435\u043c \u043f\u043e\u043b\u043d\u044b\u0439 \u0441\u043f\u0435\u043a\u0442\u0440 \u0443\u0441\u043b\u0443\u0433, \u043e\u0431\u0435\u0441\u043f\u0435\u0447\u0438\u0432\u0430\u044f \u043f\u0440\u0438 \u044d\u0442\u043e\u043c \u0443\u0434\u043e\u0431\u0441\u0442\u0432\u043e \u0438 \u0443\u0432\u0435\u0440\u0435\u043d\u043d\u043e\u0435 \u0441\u043f\u043e\u043a\u043e\u0439\u0441\u0442\u0432\u0438\u0435. \u041c\u044b \u0433\u0430\u0440\u0430\u043d\u0442\u0438\u0440\u0443\u0435\u043c \u043a\u0430\u0447\u0435\u0441\u0442\u0432\u043e \u0441\u0442\u0440\u043e\u0438\u0442\u0435\u043b\u044c\u043d\u044b\u0445 \u0443\u0441\u043b\u0443\u0433 \u0431\u043b\u0430\u0433\u043e\u0434\u0430\u0440\u044f \u043d\u0430\u0448\u0438\u043c \u043f\u0440\u043e\u0444\u0435\u0441\u0441\u0438\u043e\u043d\u0430\u043b\u0430\u043c, \u043a\u043e\u0442\u043e\u0440\u044b\u0435 \u044f\u0432\u043b\u044f\u044e\u0442\u0441\u044f \u0432 \u042d\u0441\u0442\u043e\u043d\u0438\u0438 \u043e\u0434\u043d\u0438\u043c\u0438 \u0438\u0437 \u043b\u0443\u0447\u0448\u0438\u0445 \u0432 \u0441\u0432\u043e\u0435\u0439 \u043e\u0431\u043b\u0430\u0441\u0442\u0438.","protected":false},"author":8,"featured_media":236,"parent":506,"menu_order":0,"comment_status":"closed","ping_status":"closed","template":"template-services.php","meta":{"_acf_changed":false,"footnotes":""},"class_list":["post-527","page","type-page","status-publish","has-post-thumbnail","hentry"],"acf":[],"yoast_head":"<!-- This site is optimized with the Yoast SEO plugin v27.3 - https:\/\/yoast.com\/product\/yoast-seo-wordpress\/ -->\n<title>\u0423\u0421\u041b\u0423\u0413\u0418 | Ehitusfirma Rand ja Tuulberg AS<\/title>\n<meta name=\"robots\" content=\"index, follow, max-snippet:-1, max-image-preview:large, max-video-preview:-1\" \/>\n<link rel=\"canonical\" href=\"https:\/\/randtuulberg.ee\/meist\/teenused\/\" \/>\n<meta property=\"og:locale\" content=\"ru_RU\" \/>\n<meta property=\"og:type\" content=\"article\" \/>\n<meta property=\"og:title\" content=\"\u0423\u0421\u041b\u0423\u0413\u0418 | Ehitusfirma Rand ja Tuulberg AS\" \/>\n<meta property=\"og:description\" content=\"\u041d\u0430\u0448\u0438 \u0441\u0438\u043b\u044c\u043d\u044b\u0435 \u0441\u0442\u043e\u0440\u043e\u043d\u044b \u2013 \u044d\u0442\u043e \u043e\u043f\u044b\u0442, \u043c\u0430\u0441\u0448\u0442\u0430\u0431 \u0438 \u0433\u0438\u0431\u043a\u043e\u0441\u0442\u044c. \u041c\u044b \u043f\u0440\u0435\u0434\u043b\u0430\u0433\u0430\u0435\u043c \u043f\u043e\u043b\u043d\u044b\u0439 \u0441\u043f\u0435\u043a\u0442\u0440 \u0443\u0441\u043b\u0443\u0433, \u043e\u0431\u0435\u0441\u043f\u0435\u0447\u0438\u0432\u0430\u044f \u043f\u0440\u0438 \u044d\u0442\u043e\u043c \u0443\u0434\u043e\u0431\u0441\u0442\u0432\u043e \u0438 \u0443\u0432\u0435\u0440\u0435\u043d\u043d\u043e\u0435 \u0441\u043f\u043e\u043a\u043e\u0439\u0441\u0442\u0432\u0438\u0435. \u041c\u044b \u0433\u0430\u0440\u0430\u043d\u0442\u0438\u0440\u0443\u0435\u043c \u043a\u0430\u0447\u0435\u0441\u0442\u0432\u043e \u0441\u0442\u0440\u043e\u0438\u0442\u0435\u043b\u044c\u043d\u044b\u0445 \u0443\u0441\u043b\u0443\u0433 \u0431\u043b\u0430\u0433\u043e\u0434\u0430\u0440\u044f \u043d\u0430\u0448\u0438\u043c \u043f\u0440\u043e\u0444\u0435\u0441\u0441\u0438\u043e\u043d\u0430\u043b\u0430\u043c, \u043a\u043e\u0442\u043e\u0440\u044b\u0435 \u044f\u0432\u043b\u044f\u044e\u0442\u0441\u044f \u0432 \u042d\u0441\u0442\u043e\u043d\u0438\u0438 \u043e\u0434\u043d\u0438\u043c\u0438 \u0438\u0437 \u043b\u0443\u0447\u0448\u0438\u0445 \u0432 \u0441\u0432\u043e\u0435\u0439 \u043e\u0431\u043b\u0430\u0441\u0442\u0438.\" \/>\n<meta property=\"og:url\" content=\"https:\/\/randtuulberg.ee\/meist\/teenused\/\" \/>\n<meta property=\"og:site_name\" content=\"Ehitusfirma Rand ja Tuulberg AS\" \/>\n<meta property=\"article:publisher\" content=\"https:\/\/www.facebook.com\/RandTuulberg\/\" \/>\n<meta property=\"article:modified_time\" content=\"2024-04-30T08:11:08+00:00\" \/>\n<meta property=\"og:image\" content=\"https:\/\/randtuulberg.ee\/wp-content\/uploads\/2024\/04\/services.png\" \/>\n\t<meta property=\"og:image:width\" content=\"954\" \/>\n\t<meta property=\"og:image:height\" content=\"644\" \/>\n\t<meta property=\"og:image:type\" content=\"image\/png\" \/>\n<meta name=\"twitter:card\" content=\"summary_large_image\" \/>\n<script type=\"application\/ld+json\" class=\"yoast-schema-graph\">{\"@context\":\"https:\\\/\\\/schema.org\",\"@graph\":[{\"@type\":\"WebPage\",\"@id\":\"https:\\\/\\\/randtuulberg.ee\\\/meist\\\/teenused\\\/\",\"url\":\"https:\\\/\\\/randtuulberg.ee\\\/meist\\\/teenused\\\/\",\"name\":\"\u0423\u0421\u041b\u0423\u0413\u0418 | Ehitusfirma Rand ja Tuulberg AS\",\"isPartOf\":{\"@id\":\"https:\\\/\\\/randtuulberg.ee\\\/#website\"},\"primaryImageOfPage\":{\"@id\":\"https:\\\/\\\/randtuulberg.ee\\\/meist\\\/teenused\\\/#primaryimage\"},\"image\":{\"@id\":\"https:\\\/\\\/randtuulberg.ee\\\/meist\\\/teenused\\\/#primaryimage\"},\"thumbnailUrl\":\"https:\\\/\\\/randtuulberg.ee\\\/wp-content\\\/uploads\\\/2024\\\/04\\\/services.png\",\"datePublished\":\"2024-04-04T18:44:59+00:00\",\"dateModified\":\"2024-04-30T08:11:08+00:00\",\"breadcrumb\":{\"@id\":\"https:\\\/\\\/randtuulberg.ee\\\/meist\\\/teenused\\\/#breadcrumb\"},\"inLanguage\":\"ru-RU\",\"potentialAction\":[{\"@type\":\"ReadAction\",\"target\":[\"https:\\\/\\\/randtuulberg.ee\\\/meist\\\/teenused\\\/\"]}]},{\"@type\":\"ImageObject\",\"inLanguage\":\"ru-RU\",\"@id\":\"https:\\\/\\\/randtuulberg.ee\\\/meist\\\/teenused\\\/#primaryimage\",\"url\":\"https:\\\/\\\/randtuulberg.ee\\\/wp-content\\\/uploads\\\/2024\\\/04\\\/services.png\",\"contentUrl\":\"https:\\\/\\\/randtuulberg.ee\\\/wp-content\\\/uploads\\\/2024\\\/04\\\/services.png\",\"width\":954,\"height\":644},{\"@type\":\"BreadcrumbList\",\"@id\":\"https:\\\/\\\/randtuulberg.ee\\\/meist\\\/teenused\\\/#breadcrumb\",\"itemListElement\":[{\"@type\":\"ListItem\",\"position\":1,\"name\":\"Home\",\"item\":\"https:\\\/\\\/randtuulberg.ee\\\/\"},{\"@type\":\"ListItem\",\"position\":2,\"name\":\"\u041e HAC\",\"item\":\"https:\\\/\\\/randtuulberg.ee\\\/meist\\\/\"},{\"@type\":\"ListItem\",\"position\":3,\"name\":\"\u0423\u0421\u041b\u0423\u0413\u0418\"}]},{\"@type\":\"WebSite\",\"@id\":\"https:\\\/\\\/randtuulberg.ee\\\/#website\",\"url\":\"https:\\\/\\\/randtuulberg.ee\\\/\",\"name\":\"RAND & TUULBERG\",\"description\":\"\u00dcle 35-aastase kogemusega peat\u00f6\u00f6v\u00f5tja t\u00f6\u00f6stus- ja \u00e4rihoonete valdkonnas. Meie loodu on rajatud p\u00fcsima!\",\"publisher\":{\"@id\":\"https:\\\/\\\/randtuulberg.ee\\\/#organization\"},\"alternateName\":\"RAND JA TUULBERG AS\",\"potentialAction\":[{\"@type\":\"SearchAction\",\"target\":{\"@type\":\"EntryPoint\",\"urlTemplate\":\"https:\\\/\\\/randtuulberg.ee\\\/?s={search_term_string}\"},\"query-input\":{\"@type\":\"PropertyValueSpecification\",\"valueRequired\":true,\"valueName\":\"search_term_string\"}}],\"inLanguage\":\"ru-RU\"},{\"@type\":\"Organization\",\"@id\":\"https:\\\/\\\/randtuulberg.ee\\\/#organization\",\"name\":\"EHITUSFIRMA RAND JA TUULBERG AS\",\"alternateName\":\"RT\",\"url\":\"https:\\\/\\\/randtuulberg.ee\\\/\",\"logo\":{\"@type\":\"ImageObject\",\"inLanguage\":\"ru-RU\",\"@id\":\"https:\\\/\\\/randtuulberg.ee\\\/#\\\/schema\\\/logo\\\/image\\\/\",\"url\":\"https:\\\/\\\/randtuulberg.ee\\\/wp-content\\\/uploads\\\/2024\\\/03\\\/randjatuulberg-logo1-RT-kiri-logo-korval_logo.svg\",\"contentUrl\":\"https:\\\/\\\/randtuulberg.ee\\\/wp-content\\\/uploads\\\/2024\\\/03\\\/randjatuulberg-logo1-RT-kiri-logo-korval_logo.svg\",\"width\":233,\"height\":50,\"caption\":\"EHITUSFIRMA RAND JA TUULBERG AS\"},\"image\":{\"@id\":\"https:\\\/\\\/randtuulberg.ee\\\/#\\\/schema\\\/logo\\\/image\\\/\"},\"sameAs\":[\"https:\\\/\\\/www.facebook.com\\\/RandTuulberg\\\/\",\"https:\\\/\\\/www.linkedin.com\\\/company\\\/as-ehitusfirma-rand-ja-tuulberg\"]}]}<\/script>\n<!-- \/ Yoast SEO plugin. -->","yoast_head_json":{"title":"\u0423\u0421\u041b\u0423\u0413\u0418 | Ehitusfirma Rand ja Tuulberg AS","robots":{"index":"index","follow":"follow","max-snippet":"max-snippet:-1","max-image-preview":"max-image-preview:large","max-video-preview":"max-video-preview:-1"},"canonical":"https:\/\/randtuulberg.ee\/meist\/teenused\/","og_locale":"ru_RU","og_type":"article","og_title":"\u0423\u0421\u041b\u0423\u0413\u0418 | Ehitusfirma Rand ja Tuulberg AS","og_description":"\u041d\u0430\u0448\u0438 \u0441\u0438\u043b\u044c\u043d\u044b\u0435 \u0441\u0442\u043e\u0440\u043e\u043d\u044b \u2013 \u044d\u0442\u043e \u043e\u043f\u044b\u0442, \u043c\u0430\u0441\u0448\u0442\u0430\u0431 \u0438 \u0433\u0438\u0431\u043a\u043e\u0441\u0442\u044c. \u041c\u044b \u043f\u0440\u0435\u0434\u043b\u0430\u0433\u0430\u0435\u043c \u043f\u043e\u043b\u043d\u044b\u0439 \u0441\u043f\u0435\u043a\u0442\u0440 \u0443\u0441\u043b\u0443\u0433, \u043e\u0431\u0435\u0441\u043f\u0435\u0447\u0438\u0432\u0430\u044f \u043f\u0440\u0438 \u044d\u0442\u043e\u043c \u0443\u0434\u043e\u0431\u0441\u0442\u0432\u043e \u0438 \u0443\u0432\u0435\u0440\u0435\u043d\u043d\u043e\u0435 \u0441\u043f\u043e\u043a\u043e\u0439\u0441\u0442\u0432\u0438\u0435. \u041c\u044b \u0433\u0430\u0440\u0430\u043d\u0442\u0438\u0440\u0443\u0435\u043c \u043a\u0430\u0447\u0435\u0441\u0442\u0432\u043e \u0441\u0442\u0440\u043e\u0438\u0442\u0435\u043b\u044c\u043d\u044b\u0445 \u0443\u0441\u043b\u0443\u0433 \u0431\u043b\u0430\u0433\u043e\u0434\u0430\u0440\u044f \u043d\u0430\u0448\u0438\u043c \u043f\u0440\u043e\u0444\u0435\u0441\u0441\u0438\u043e\u043d\u0430\u043b\u0430\u043c, \u043a\u043e\u0442\u043e\u0440\u044b\u0435 \u044f\u0432\u043b\u044f\u044e\u0442\u0441\u044f \u0432 \u042d\u0441\u0442\u043e\u043d\u0438\u0438 \u043e\u0434\u043d\u0438\u043c\u0438 \u0438\u0437 \u043b\u0443\u0447\u0448\u0438\u0445 \u0432 \u0441\u0432\u043e\u0435\u0439 \u043e\u0431\u043b\u0430\u0441\u0442\u0438.","og_url":"https:\/\/randtuulberg.ee\/meist\/teenused\/","og_site_name":"Ehitusfirma Rand ja Tuulberg AS","article_publisher":"https:\/\/www.facebook.com\/RandTuulberg\/","article_modified_time":"2024-04-30T08:11:08+00:00","og_image":[{"width":954,"height":644,"url":"https:\/\/randtuulberg.ee\/wp-content\/uploads\/2024\/04\/services.png","type":"image\/png"}],"twitter_card":"summary_large_image","schema":{"@context":"https:\/\/schema.org","@graph":[{"@type":"WebPage","@id":"https:\/\/randtuulberg.ee\/meist\/teenused\/","url":"https:\/\/randtuulberg.ee\/meist\/teenused\/","name":"\u0423\u0421\u041b\u0423\u0413\u0418 | Ehitusfirma Rand ja Tuulberg AS","isPartOf":{"@id":"https:\/\/randtuulberg.ee\/#website"},"primaryImageOfPage":{"@id":"https:\/\/randtuulberg.ee\/meist\/teenused\/#primaryimage"},"image":{"@id":"https:\/\/randtuulberg.ee\/meist\/teenused\/#primaryimage"},"thumbnailUrl":"https:\/\/randtuulberg.ee\/wp-content\/uploads\/2024\/04\/services.png","datePublished":"2024-04-04T18:44:59+00:00","dateModified":"2024-04-30T08:11:08+00:00","breadcrumb":{"@id":"https:\/\/randtuulberg.ee\/meist\/teenused\/#breadcrumb"},"inLanguage":"ru-RU","potentialAction":[{"@type":"ReadAction","target":["https:\/\/randtuulberg.ee\/meist\/teenused\/"]}]},{"@type":"ImageObject","inLanguage":"ru-RU","@id":"https:\/\/randtuulberg.ee\/meist\/teenused\/#primaryimage","url":"https:\/\/randtuulberg.ee\/wp-content\/uploads\/2024\/04\/services.png","contentUrl":"https:\/\/randtuulberg.ee\/wp-content\/uploads\/2024\/04\/services.png","width":954,"height":644},{"@type":"BreadcrumbList","@id":"https:\/\/randtuulberg.ee\/meist\/teenused\/#breadcrumb","itemListElement":[{"@type":"ListItem","position":1,"name":"Home","item":"https:\/\/randtuulberg.ee\/"},{"@type":"ListItem","position":2,"name":"\u041e HAC","item":"https:\/\/randtuulberg.ee\/meist\/"},{"@type":"ListItem","position":3,"name":"\u0423\u0421\u041b\u0423\u0413\u0418"}]},{"@type":"WebSite","@id":"https:\/\/randtuulberg.ee\/#website","url":"https:\/\/randtuulberg.ee\/","name":"RAND & TUULBERG","description":"\u00dcle 35-aastase kogemusega peat\u00f6\u00f6v\u00f5tja t\u00f6\u00f6stus- ja \u00e4rihoonete valdkonnas. Meie loodu on rajatud p\u00fcsima!","publisher":{"@id":"https:\/\/randtuulberg.ee\/#organization"},"alternateName":"RAND JA TUULBERG AS","potentialAction":[{"@type":"SearchAction","target":{"@type":"EntryPoint","urlTemplate":"https:\/\/randtuulberg.ee\/?s={search_term_string}"},"query-input":{"@type":"PropertyValueSpecification","valueRequired":true,"valueName":"search_term_string"}}],"inLanguage":"ru-RU"},{"@type":"Organization","@id":"https:\/\/randtuulberg.ee\/#organization","name":"EHITUSFIRMA RAND JA TUULBERG AS","alternateName":"RT","url":"https:\/\/randtuulberg.ee\/","logo":{"@type":"ImageObject","inLanguage":"ru-RU","@id":"https:\/\/randtuulberg.ee\/#\/schema\/logo\/image\/","url":"https:\/\/randtuulberg.ee\/wp-content\/uploads\/2024\/03\/randjatuulberg-logo1-RT-kiri-logo-korval_logo.svg","contentUrl":"https:\/\/randtuulberg.ee\/wp-content\/uploads\/2024\/03\/randjatuulberg-logo1-RT-kiri-logo-korval_logo.svg","width":233,"height":50,"caption":"EHITUSFIRMA RAND JA TUULBERG AS"},"image":{"@id":"https:\/\/randtuulberg.ee\/#\/schema\/logo\/image\/"},"sameAs":["https:\/\/www.facebook.com\/RandTuulberg\/","https:\/\/www.linkedin.com\/company\/as-ehitusfirma-rand-ja-tuulberg"]}]}},"_links":{"self":[{"href":"https:\/\/randtuulberg.ee\/ru\/wp-json\/wp\/v2\/pages\/527","targetHints":{"allow":["GET"]}}],"collection":[{"href":"https:\/\/randtuulberg.ee\/ru\/wp-json\/wp\/v2\/pages"}],"about":[{"href":"https:\/\/randtuulberg.ee\/ru\/wp-json\/wp\/v2\/types\/page"}],"author":[{"embeddable":true,"href":"https:\/\/randtuulberg.ee\/ru\/wp-json\/wp\/v2\/users\/8"}],"replies":[{"embeddable":true,"href":"https:\/\/randtuulberg.ee\/ru\/wp-json\/wp\/v2\/comments?post=527"}],"version-history":[{"count":5,"href":"https:\/\/randtuulberg.ee\/ru\/wp-json\/wp\/v2\/pages\/527\/revisions"}],"predecessor-version":[{"id":908,"href":"https:\/\/randtuulberg.ee\/ru\/wp-json\/wp\/v2\/pages\/527\/revisions\/908"}],"up":[{"embeddable":true,"href":"https:\/\/randtuulberg.ee\/ru\/wp-json\/wp\/v2\/pages\/506"}],"wp:featuredmedia":[{"embeddable":true,"href":"https:\/\/randtuulberg.ee\/ru\/wp-json\/wp\/v2\/media\/236"}],"wp:attachment":[{"href":"https:\/\/randtuulberg.ee\/ru\/wp-json\/wp\/v2\/media?parent=527"}],"curies":[{"name":"wp","href":"https:\/\/api.w.org\/{rel}","templated":true}]}}