{"id":537,"date":"2024-04-04T20:44:42","date_gmt":"2024-04-04T18:44:42","guid":{"rendered":"https:\/\/randtuulberg.ee\/o-hac\/%d0%ba%d0%be%d0%bc%d0%b0%d0%bd%d0%b4%d0%b0\/"},"modified":"2025-10-20T14:56:12","modified_gmt":"2025-10-20T12:56:12","slug":"%d0%ba%d0%be%d0%bc%d0%b0%d0%bd%d0%b4%d0%b0","status":"publish","type":"page","link":"https:\/\/randtuulberg.ee\/ru\/o-hac\/%d0%ba%d0%be%d0%bc%d0%b0%d0%bd%d0%b4%d0%b0\/","title":{"rendered":"\u041a\u041e\u041c\u0410\u041d\u0414\u0410"},"content":{"rendered":"\n<p>\u0417\u0430\u043b\u043e\u0433 \u043d\u0430\u0448\u0438\u0445 \u043e\u0442\u043b\u0438\u0447\u043d\u044b\u0445 \u0440\u0435\u0437\u0443\u043b\u044c\u0442\u0430\u0442\u043e\u0432 \u0438 \u043d\u0435\u0438\u0437\u043c\u0435\u043d\u043d\u043e\u0433\u043e \u043a\u0430\u0447\u0435\u0441\u0442\u0432\u0430 \u2013 \u043f\u0440\u0435\u0434\u0430\u043d\u043d\u044b\u0435 \u0441\u0432\u043e\u0435\u043c\u0443 \u0434\u0435\u043b\u0443 \u044d\u043d\u0442\u0443\u0437\u0438\u0430\u0441\u0442\u044b, \u0432\u0434\u043e\u0445\u043d\u043e\u0432\u043b\u044f\u044e\u0449\u0438\u0435 \u0441\u0432\u043e\u0435\u0439 \u0443\u0432\u043b\u0435\u0447\u0435\u043d\u043d\u043e\u0441\u0442\u044c\u044e \u0438 \u0434\u0440\u0443\u0433\u0438\u0445. \u0412\u043c\u0435\u0441\u0442\u0435 \u043c\u044b \u043e\u0431\u0440\u0430\u0437\u0443\u0435\u043c \u0441\u043f\u043b\u043e\u0447\u0435\u043d\u043d\u044b\u0439 \u043e\u0440\u0433\u0430\u043d\u0438\u0437\u043c, \u0432 \u043a\u043e\u0442\u043e\u0440\u043e\u043c \u0441\u0432\u043e\u0431\u043e\u0434\u043d\u044b\u0439 \u043e\u0431\u043c\u0435\u043d \u0438\u043d\u0444\u043e\u0440\u043c\u0430\u0446\u0438\u0435\u0439, \u0438\u043d\u043d\u043e\u0432\u0430\u0446\u0438\u044f\u043c\u0438 \u0438 \u0437\u043d\u0430\u043d\u0438\u044f\u043c\u0438 \u0441\u043e\u0437\u0434\u0430\u0435\u0442 \u043f\u043e\u043b\u043e\u0436\u0438\u0442\u0435\u043b\u044c\u043d\u0443\u044e \u0441\u0438\u043d\u0435\u0440\u0433\u0438\u044e.<\/p>\n","protected":false},"excerpt":{"rendered":"\u0417\u0430\u043b\u043e\u0433 \u043d\u0430\u0448\u0438\u0445 \u043e\u0442\u043b\u0438\u0447\u043d\u044b\u0445 \u0440\u0435\u0437\u0443\u043b\u044c\u0442\u0430\u0442\u043e\u0432 \u0438 \u043d\u0435\u0438\u0437\u043c\u0435\u043d\u043d\u043e\u0433\u043e \u043a\u0430\u0447\u0435\u0441\u0442\u0432\u0430 \u2013 \u043f\u0440\u0435\u0434\u0430\u043d\u043d\u044b\u0435 \u0441\u0432\u043e\u0435\u043c\u0443 \u0434\u0435\u043b\u0443 \u044d\u043d\u0442\u0443\u0437\u0438\u0430\u0441\u0442\u044b, \u0432\u0434\u043e\u0445\u043d\u043e\u0432\u043b\u044f\u044e\u0449\u0438\u0435 \u0441\u0432\u043e\u0435\u0439 \u0443\u0432\u043b\u0435\u0447\u0435\u043d\u043d\u043e\u0441\u0442\u044c\u044e \u0438 \u0434\u0440\u0443\u0433\u0438\u0445. \u0412\u043c\u0435\u0441\u0442\u0435 \u043c\u044b \u043e\u0431\u0440\u0430\u0437\u0443\u0435\u043c \u0441\u043f\u043b\u043e\u0447\u0435\u043d\u043d\u044b\u0439 \u043e\u0440\u0433\u0430\u043d\u0438\u0437\u043c, \u0432 \u043a\u043e\u0442\u043e\u0440\u043e\u043c \u0441\u0432\u043e\u0431\u043e\u0434\u043d\u044b\u0439 \u043e\u0431\u043c\u0435\u043d \u0438\u043d\u0444\u043e\u0440\u043c\u0430\u0446\u0438\u0435\u0439, \u0438\u043d\u043d\u043e\u0432\u0430\u0446\u0438\u044f\u043c\u0438 \u0438 \u0437\u043d\u0430\u043d\u0438\u044f\u043c\u0438 \u0441\u043e\u0437\u0434\u0430\u0435\u0442 \u043f\u043e\u043b\u043e\u0436\u0438\u0442\u0435\u043b\u044c\u043d\u0443\u044e \u0441\u0438\u043d\u0435\u0440\u0433\u0438\u044e.","protected":false},"author":8,"featured_media":0,"parent":506,"menu_order":0,"comment_status":"closed","ping_status":"closed","template":"template-team.php","meta":{"_acf_changed":false,"footnotes":""},"class_list":["post-537","page","type-page","status-publish","hentry"],"acf":[],"yoast_head":"<!-- This site is optimized with the Yoast SEO plugin v27.3 - https:\/\/yoast.com\/product\/yoast-seo-wordpress\/ -->\n<title>\u041a\u041e\u041c\u0410\u041d\u0414\u0410 | Ehitusfirma Rand ja Tuulberg AS<\/title>\n<meta name=\"robots\" content=\"index, follow, max-snippet:-1, max-image-preview:large, max-video-preview:-1\" \/>\n<link rel=\"canonical\" href=\"https:\/\/randtuulberg.ee\/ru\/o-hac\/\u043a\u043e\u043c\u0430\u043d\u0434\u0430\/\" \/>\n<meta property=\"og:locale\" content=\"ru_RU\" \/>\n<meta property=\"og:type\" content=\"article\" \/>\n<meta property=\"og:title\" content=\"\u041a\u041e\u041c\u0410\u041d\u0414\u0410 | Ehitusfirma Rand ja Tuulberg AS\" \/>\n<meta property=\"og:description\" content=\"\u0417\u0430\u043b\u043e\u0433 \u043d\u0430\u0448\u0438\u0445 \u043e\u0442\u043b\u0438\u0447\u043d\u044b\u0445 \u0440\u0435\u0437\u0443\u043b\u044c\u0442\u0430\u0442\u043e\u0432 \u0438 \u043d\u0435\u0438\u0437\u043c\u0435\u043d\u043d\u043e\u0433\u043e \u043a\u0430\u0447\u0435\u0441\u0442\u0432\u0430 \u2013 \u043f\u0440\u0435\u0434\u0430\u043d\u043d\u044b\u0435 \u0441\u0432\u043e\u0435\u043c\u0443 \u0434\u0435\u043b\u0443 \u044d\u043d\u0442\u0443\u0437\u0438\u0430\u0441\u0442\u044b, \u0432\u0434\u043e\u0445\u043d\u043e\u0432\u043b\u044f\u044e\u0449\u0438\u0435 \u0441\u0432\u043e\u0435\u0439 \u0443\u0432\u043b\u0435\u0447\u0435\u043d\u043d\u043e\u0441\u0442\u044c\u044e \u0438 \u0434\u0440\u0443\u0433\u0438\u0445. \u0412\u043c\u0435\u0441\u0442\u0435 \u043c\u044b \u043e\u0431\u0440\u0430\u0437\u0443\u0435\u043c \u0441\u043f\u043b\u043e\u0447\u0435\u043d\u043d\u044b\u0439 \u043e\u0440\u0433\u0430\u043d\u0438\u0437\u043c, \u0432 \u043a\u043e\u0442\u043e\u0440\u043e\u043c \u0441\u0432\u043e\u0431\u043e\u0434\u043d\u044b\u0439 \u043e\u0431\u043c\u0435\u043d \u0438\u043d\u0444\u043e\u0440\u043c\u0430\u0446\u0438\u0435\u0439, \u0438\u043d\u043d\u043e\u0432\u0430\u0446\u0438\u044f\u043c\u0438 \u0438 \u0437\u043d\u0430\u043d\u0438\u044f\u043c\u0438 \u0441\u043e\u0437\u0434\u0430\u0435\u0442 \u043f\u043e\u043b\u043e\u0436\u0438\u0442\u0435\u043b\u044c\u043d\u0443\u044e \u0441\u0438\u043d\u0435\u0440\u0433\u0438\u044e.\" \/>\n<meta property=\"og:url\" content=\"https:\/\/randtuulberg.ee\/ru\/o-hac\/\u043a\u043e\u043c\u0430\u043d\u0434\u0430\/\" \/>\n<meta property=\"og:site_name\" content=\"Ehitusfirma Rand ja Tuulberg AS\" \/>\n<meta property=\"article:publisher\" content=\"https:\/\/www.facebook.com\/RandTuulberg\/\" \/>\n<meta property=\"article:modified_time\" content=\"2025-10-20T12:56:12+00:00\" \/>\n<meta name=\"twitter:card\" content=\"summary_large_image\" \/>\n<meta name=\"twitter:label1\" content=\"\u041f\u0440\u0438\u043c\u0435\u0440\u043d\u043e\u0435 \u0432\u0440\u0435\u043c\u044f \u0434\u043b\u044f \u0447\u0442\u0435\u043d\u0438\u044f\" \/>\n\t<meta name=\"twitter:data1\" content=\"1 \u043c\u0438\u043d\u0443\u0442\u0430\" \/>\n<script type=\"application\/ld+json\" class=\"yoast-schema-graph\">{\"@context\":\"https:\\\/\\\/schema.org\",\"@graph\":[{\"@type\":\"WebPage\",\"@id\":\"https:\\\/\\\/randtuulberg.ee\\\/ru\\\/o-hac\\\/%d0%ba%d0%be%d0%bc%d0%b0%d0%bd%d0%b4%d0%b0\\\/\",\"url\":\"https:\\\/\\\/randtuulberg.ee\\\/ru\\\/o-hac\\\/%d0%ba%d0%be%d0%bc%d0%b0%d0%bd%d0%b4%d0%b0\\\/\",\"name\":\"\u041a\u041e\u041c\u0410\u041d\u0414\u0410 | Ehitusfirma Rand ja Tuulberg AS\",\"isPartOf\":{\"@id\":\"https:\\\/\\\/randtuulberg.ee\\\/#website\"},\"datePublished\":\"2024-04-04T18:44:42+00:00\",\"dateModified\":\"2025-10-20T12:56:12+00:00\",\"breadcrumb\":{\"@id\":\"https:\\\/\\\/randtuulberg.ee\\\/ru\\\/o-hac\\\/%d0%ba%d0%be%d0%bc%d0%b0%d0%bd%d0%b4%d0%b0\\\/#breadcrumb\"},\"inLanguage\":\"ru-RU\",\"potentialAction\":[{\"@type\":\"ReadAction\",\"target\":[\"https:\\\/\\\/randtuulberg.ee\\\/ru\\\/o-hac\\\/%d0%ba%d0%be%d0%bc%d0%b0%d0%bd%d0%b4%d0%b0\\\/\"]}]},{\"@type\":\"BreadcrumbList\",\"@id\":\"https:\\\/\\\/randtuulberg.ee\\\/ru\\\/o-hac\\\/%d0%ba%d0%be%d0%bc%d0%b0%d0%bd%d0%b4%d0%b0\\\/#breadcrumb\",\"itemListElement\":[{\"@type\":\"ListItem\",\"position\":1,\"name\":\"Home\",\"item\":\"https:\\\/\\\/randtuulberg.ee\\\/\"},{\"@type\":\"ListItem\",\"position\":2,\"name\":\"\u041e HAC\",\"item\":\"https:\\\/\\\/randtuulberg.ee\\\/meist\\\/\"},{\"@type\":\"ListItem\",\"position\":3,\"name\":\"\u041a\u041e\u041c\u0410\u041d\u0414\u0410\"}]},{\"@type\":\"WebSite\",\"@id\":\"https:\\\/\\\/randtuulberg.ee\\\/#website\",\"url\":\"https:\\\/\\\/randtuulberg.ee\\\/\",\"name\":\"RAND & TUULBERG\",\"description\":\"\u00dcle 35-aastase kogemusega peat\u00f6\u00f6v\u00f5tja t\u00f6\u00f6stus- ja \u00e4rihoonete valdkonnas. Meie loodu on rajatud p\u00fcsima!\",\"publisher\":{\"@id\":\"https:\\\/\\\/randtuulberg.ee\\\/#organization\"},\"alternateName\":\"RAND JA TUULBERG AS\",\"potentialAction\":[{\"@type\":\"SearchAction\",\"target\":{\"@type\":\"EntryPoint\",\"urlTemplate\":\"https:\\\/\\\/randtuulberg.ee\\\/?s={search_term_string}\"},\"query-input\":{\"@type\":\"PropertyValueSpecification\",\"valueRequired\":true,\"valueName\":\"search_term_string\"}}],\"inLanguage\":\"ru-RU\"},{\"@type\":\"Organization\",\"@id\":\"https:\\\/\\\/randtuulberg.ee\\\/#organization\",\"name\":\"EHITUSFIRMA RAND JA TUULBERG AS\",\"alternateName\":\"RT\",\"url\":\"https:\\\/\\\/randtuulberg.ee\\\/\",\"logo\":{\"@type\":\"ImageObject\",\"inLanguage\":\"ru-RU\",\"@id\":\"https:\\\/\\\/randtuulberg.ee\\\/#\\\/schema\\\/logo\\\/image\\\/\",\"url\":\"https:\\\/\\\/randtuulberg.ee\\\/wp-content\\\/uploads\\\/2024\\\/03\\\/randjatuulberg-logo1-RT-kiri-logo-korval_logo.svg\",\"contentUrl\":\"https:\\\/\\\/randtuulberg.ee\\\/wp-content\\\/uploads\\\/2024\\\/03\\\/randjatuulberg-logo1-RT-kiri-logo-korval_logo.svg\",\"width\":233,\"height\":50,\"caption\":\"EHITUSFIRMA RAND JA TUULBERG AS\"},\"image\":{\"@id\":\"https:\\\/\\\/randtuulberg.ee\\\/#\\\/schema\\\/logo\\\/image\\\/\"},\"sameAs\":[\"https:\\\/\\\/www.facebook.com\\\/RandTuulberg\\\/\",\"https:\\\/\\\/www.linkedin.com\\\/company\\\/as-ehitusfirma-rand-ja-tuulberg\"]}]}<\/script>\n<!-- \/ Yoast SEO plugin. -->","yoast_head_json":{"title":"\u041a\u041e\u041c\u0410\u041d\u0414\u0410 | Ehitusfirma Rand ja Tuulberg AS","robots":{"index":"index","follow":"follow","max-snippet":"max-snippet:-1","max-image-preview":"max-image-preview:large","max-video-preview":"max-video-preview:-1"},"canonical":"https:\/\/randtuulberg.ee\/ru\/o-hac\/\u043a\u043e\u043c\u0430\u043d\u0434\u0430\/","og_locale":"ru_RU","og_type":"article","og_title":"\u041a\u041e\u041c\u0410\u041d\u0414\u0410 | Ehitusfirma Rand ja Tuulberg AS","og_description":"\u0417\u0430\u043b\u043e\u0433 \u043d\u0430\u0448\u0438\u0445 \u043e\u0442\u043b\u0438\u0447\u043d\u044b\u0445 \u0440\u0435\u0437\u0443\u043b\u044c\u0442\u0430\u0442\u043e\u0432 \u0438 \u043d\u0435\u0438\u0437\u043c\u0435\u043d\u043d\u043e\u0433\u043e \u043a\u0430\u0447\u0435\u0441\u0442\u0432\u0430 \u2013 \u043f\u0440\u0435\u0434\u0430\u043d\u043d\u044b\u0435 \u0441\u0432\u043e\u0435\u043c\u0443 \u0434\u0435\u043b\u0443 \u044d\u043d\u0442\u0443\u0437\u0438\u0430\u0441\u0442\u044b, \u0432\u0434\u043e\u0445\u043d\u043e\u0432\u043b\u044f\u044e\u0449\u0438\u0435 \u0441\u0432\u043e\u0435\u0439 \u0443\u0432\u043b\u0435\u0447\u0435\u043d\u043d\u043e\u0441\u0442\u044c\u044e \u0438 \u0434\u0440\u0443\u0433\u0438\u0445. \u0412\u043c\u0435\u0441\u0442\u0435 \u043c\u044b \u043e\u0431\u0440\u0430\u0437\u0443\u0435\u043c \u0441\u043f\u043b\u043e\u0447\u0435\u043d\u043d\u044b\u0439 \u043e\u0440\u0433\u0430\u043d\u0438\u0437\u043c, \u0432 \u043a\u043e\u0442\u043e\u0440\u043e\u043c \u0441\u0432\u043e\u0431\u043e\u0434\u043d\u044b\u0439 \u043e\u0431\u043c\u0435\u043d \u0438\u043d\u0444\u043e\u0440\u043c\u0430\u0446\u0438\u0435\u0439, \u0438\u043d\u043d\u043e\u0432\u0430\u0446\u0438\u044f\u043c\u0438 \u0438 \u0437\u043d\u0430\u043d\u0438\u044f\u043c\u0438 \u0441\u043e\u0437\u0434\u0430\u0435\u0442 \u043f\u043e\u043b\u043e\u0436\u0438\u0442\u0435\u043b\u044c\u043d\u0443\u044e \u0441\u0438\u043d\u0435\u0440\u0433\u0438\u044e.","og_url":"https:\/\/randtuulberg.ee\/ru\/o-hac\/\u043a\u043e\u043c\u0430\u043d\u0434\u0430\/","og_site_name":"Ehitusfirma Rand ja Tuulberg AS","article_publisher":"https:\/\/www.facebook.com\/RandTuulberg\/","article_modified_time":"2025-10-20T12:56:12+00:00","twitter_card":"summary_large_image","twitter_misc":{"\u041f\u0440\u0438\u043c\u0435\u0440\u043d\u043e\u0435 \u0432\u0440\u0435\u043c\u044f \u0434\u043b\u044f \u0447\u0442\u0435\u043d\u0438\u044f":"1 \u043c\u0438\u043d\u0443\u0442\u0430"},"schema":{"@context":"https:\/\/schema.org","@graph":[{"@type":"WebPage","@id":"https:\/\/randtuulberg.ee\/ru\/o-hac\/%d0%ba%d0%be%d0%bc%d0%b0%d0%bd%d0%b4%d0%b0\/","url":"https:\/\/randtuulberg.ee\/ru\/o-hac\/%d0%ba%d0%be%d0%bc%d0%b0%d0%bd%d0%b4%d0%b0\/","name":"\u041a\u041e\u041c\u0410\u041d\u0414\u0410 | Ehitusfirma Rand ja Tuulberg AS","isPartOf":{"@id":"https:\/\/randtuulberg.ee\/#website"},"datePublished":"2024-04-04T18:44:42+00:00","dateModified":"2025-10-20T12:56:12+00:00","breadcrumb":{"@id":"https:\/\/randtuulberg.ee\/ru\/o-hac\/%d0%ba%d0%be%d0%bc%d0%b0%d0%bd%d0%b4%d0%b0\/#breadcrumb"},"inLanguage":"ru-RU","potentialAction":[{"@type":"ReadAction","target":["https:\/\/randtuulberg.ee\/ru\/o-hac\/%d0%ba%d0%be%d0%bc%d0%b0%d0%bd%d0%b4%d0%b0\/"]}]},{"@type":"BreadcrumbList","@id":"https:\/\/randtuulberg.ee\/ru\/o-hac\/%d0%ba%d0%be%d0%bc%d0%b0%d0%bd%d0%b4%d0%b0\/#breadcrumb","itemListElement":[{"@type":"ListItem","position":1,"name":"Home","item":"https:\/\/randtuulberg.ee\/"},{"@type":"ListItem","position":2,"name":"\u041e HAC","item":"https:\/\/randtuulberg.ee\/meist\/"},{"@type":"ListItem","position":3,"name":"\u041a\u041e\u041c\u0410\u041d\u0414\u0410"}]},{"@type":"WebSite","@id":"https:\/\/randtuulberg.ee\/#website","url":"https:\/\/randtuulberg.ee\/","name":"RAND & TUULBERG","description":"\u00dcle 35-aastase kogemusega peat\u00f6\u00f6v\u00f5tja t\u00f6\u00f6stus- ja \u00e4rihoonete valdkonnas. Meie loodu on rajatud p\u00fcsima!","publisher":{"@id":"https:\/\/randtuulberg.ee\/#organization"},"alternateName":"RAND JA TUULBERG AS","potentialAction":[{"@type":"SearchAction","target":{"@type":"EntryPoint","urlTemplate":"https:\/\/randtuulberg.ee\/?s={search_term_string}"},"query-input":{"@type":"PropertyValueSpecification","valueRequired":true,"valueName":"search_term_string"}}],"inLanguage":"ru-RU"},{"@type":"Organization","@id":"https:\/\/randtuulberg.ee\/#organization","name":"EHITUSFIRMA RAND JA TUULBERG AS","alternateName":"RT","url":"https:\/\/randtuulberg.ee\/","logo":{"@type":"ImageObject","inLanguage":"ru-RU","@id":"https:\/\/randtuulberg.ee\/#\/schema\/logo\/image\/","url":"https:\/\/randtuulberg.ee\/wp-content\/uploads\/2024\/03\/randjatuulberg-logo1-RT-kiri-logo-korval_logo.svg","contentUrl":"https:\/\/randtuulberg.ee\/wp-content\/uploads\/2024\/03\/randjatuulberg-logo1-RT-kiri-logo-korval_logo.svg","width":233,"height":50,"caption":"EHITUSFIRMA RAND JA TUULBERG AS"},"image":{"@id":"https:\/\/randtuulberg.ee\/#\/schema\/logo\/image\/"},"sameAs":["https:\/\/www.facebook.com\/RandTuulberg\/","https:\/\/www.linkedin.com\/company\/as-ehitusfirma-rand-ja-tuulberg"]}]}},"_links":{"self":[{"href":"https:\/\/randtuulberg.ee\/ru\/wp-json\/wp\/v2\/pages\/537","targetHints":{"allow":["GET"]}}],"collection":[{"href":"https:\/\/randtuulberg.ee\/ru\/wp-json\/wp\/v2\/pages"}],"about":[{"href":"https:\/\/randtuulberg.ee\/ru\/wp-json\/wp\/v2\/types\/page"}],"author":[{"embeddable":true,"href":"https:\/\/randtuulberg.ee\/ru\/wp-json\/wp\/v2\/users\/8"}],"replies":[{"embeddable":true,"href":"https:\/\/randtuulberg.ee\/ru\/wp-json\/wp\/v2\/comments?post=537"}],"version-history":[{"count":5,"href":"https:\/\/randtuulberg.ee\/ru\/wp-json\/wp\/v2\/pages\/537\/revisions"}],"predecessor-version":[{"id":2342,"href":"https:\/\/randtuulberg.ee\/ru\/wp-json\/wp\/v2\/pages\/537\/revisions\/2342"}],"up":[{"embeddable":true,"href":"https:\/\/randtuulberg.ee\/ru\/wp-json\/wp\/v2\/pages\/506"}],"wp:attachment":[{"href":"https:\/\/randtuulberg.ee\/ru\/wp-json\/wp\/v2\/media?parent=537"}],"curies":[{"name":"wp","href":"https:\/\/api.w.org\/{rel}","templated":true}]}}